{"id":2,"date":"2024-07-08T17:00:06","date_gmt":"2024-07-08T15:00:06","guid":{"rendered":"http:\/\/taxiqueralt.com\/?page_id=2"},"modified":"2024-07-22T17:17:20","modified_gmt":"2024-07-22T15:17:20","slug":"avis-legal","status":"publish","type":"page","link":"https:\/\/taxiqueralt.com\/es\/avis-legal\/","title":{"rendered":"Aviso legal"},"content":{"rendered":"<p><strong>Informaci\u00f3n General<\/strong><\/p>\n\n\n\n<p>En cumplimiento con el deber de informaci\u00f3n estipulado en el art\u00edculo 10 de la Ley 34\/2002, de 11 de julio, de Servicios de la Sociedad de la Informaci\u00f3n y de Comercio Electr\u00f3nico, se facilita la siguiente informaci\u00f3n:<\/p>\n\n\n\n<ul class=\"wp-block-list\">\n<li>Titular: Ramon Queralt Llobet<\/li>\n\n\n\n<li>DNI\/NIF: 43739341B<\/li>\n\n\n\n<li>Domicilio: Avda. Juneda, 15 \u2013 25420 Puiggr\u00f2s (Lleida)<\/li>\n\n\n\n<li>Correu electr\u00f2nic: taxiqueralt@gmail.com<\/li>\n\n\n\n<li>Tel\u00e9fono: 606943492<\/li>\n<\/ul>\n\n\n\n<p><strong>2.Objeto<\/strong><\/p>\n\n\n\n<p>El presente aviso legal regula el uso del sitio web www.taxiqueralt.com, del cual es titular Ramon Queralt Llobet.<\/p>\n\n\n\n<p><strong>3. Condiciones de uso<\/strong><\/p>\n\n\n\n<p>La utilizaci\u00f3n del sitio web le otorga la condici\u00f3n de usuario e implica la aceptaci\u00f3n plena y sin reservas de todas las disposiciones incluidas en este Aviso Legal. Los usuarios se comprometen a utilizar el sitio web de conformidad con la ley, la moral, las buenas costumbres y el orden p\u00fablico.<\/p>\n\n\n\n<p><strong>4. Propiedad Intelectual e Industrial<\/strong><\/p>\n\n\n\n<p>Todos los contenidos del sitio web, incluyendo, sin car\u00e1cter limitativo, los textos, fotograf\u00edas, gr\u00e1ficos, im\u00e1genes, iconos, tecnolog\u00eda, software, enlaces y dem\u00e1s contenidos audiovisuales o sonoros, as\u00ed como su dise\u00f1o gr\u00e1fico y c\u00f3digo fuente, son propiedad intelectual de Ramon Queralt Llobet o de terceros, sin que puedan entenderse cedidos al usuario ninguno de los derechos de explotaci\u00f3n reconocidos por la normativa vigente en materia de propiedad intelectual sobre los mismos.<\/p>\n\n\n\n<p><strong>5. Exclusi\u00f3n de responsabilidad<\/strong><\/p>\n\n\n\n<p>Ramon Queralt Llobet no se hace responsable de los da\u00f1os y perjuicios de cualquier naturaleza que pudieran ocasionarse por errores u omisiones en los contenidos, falta de disponibilidad del sitio web, o la transmisi\u00f3n de virus o programas maliciosos o lesivos en los contenidos, a pesar de haber adoptado todas las medidas tecnol\u00f3gicas necesarias para evitarlo.<\/p>\n\n\n\n<p><strong>6. Modificaciones<\/strong><\/p>\n\n\n\n<p>Ramon Queralt Llobet se reserva el derecho a efectuar sin previo aviso las modificaciones que considere oportunas en su sitio web, pudiendo cambiar, suprimir o a\u00f1adir tanto los contenidos y servicios que se presten a trav\u00e9s del mismo como la forma en la que estos aparezcan presentados o localizados en su sitio web.<\/p>\n\n\n\n<p><strong>7. Enlaces<\/strong><\/p>\n\n\n\n<p>En el caso de que el sitio web disponga de enlaces o hiperv\u00ednculos hacia otros sitios de Internet,Ramon Queralt Llobet no ejercer\u00e1 ning\u00fan tipo de control sobre dichos sitios y contenidos. En ning\u00fan caso Ramon Queralt Llobet asumir\u00e1 responsabilidad alguna por los contenidos de alg\u00fan enlace perteneciente a un sitio web ajeno, ni garantizar\u00e1 la disponibilidad t\u00e9cnica, calidad, fiabilidad, exactitud, amplitud, veracidad, validez y constitucionalidad de cualquier material o informaci\u00f3n contenida en ninguno de dichos hiperv\u00ednculos u otros sitios de Internet.<\/p>\n\n\n\n<p><strong>8. Derecho de exclusi\u00f3n<\/strong><\/p>\n\n\n\n<p>Ramon Queralt Llobet se reserva el derecho a denegar o retirar el acceso al sitio web y\/o los servicios ofrecidos sin necesidad de preaviso, a instancia propia o de un tercero, a aquellos usuarios que incumplan las presentes Condiciones Generales de Uso.<\/p>\n\n\n\n<p><strong>9. Generalidades<\/strong><\/p>\n\n\n\n<p>Ramon Queralt Llobet perseguir\u00e1 el incumplimiento de las presentes condiciones as\u00ed como cualquier utilizaci\u00f3n indebida de su sitio web ejerciendo todas las acciones civiles y penales que le puedan corresponder en derecho.<\/p>\n\n\n\n<p><strong>10. Legislaci\u00f3n aplicable y jurisdicci\u00f3n<\/strong><\/p>\n\n\n\n<p>La relaci\u00f3n entre Ramon Queralt Llobet y el usuario se regir\u00e1 por la normativa espa\u00f1ola vigente y cualquier controversia se someter\u00e1 a los Juzgados y tribunales de la ciudad de Lleida.<\/p>\n\n\n\n<p><\/p>","protected":false},"excerpt":{"rendered":"<p>1. Informaci\u00f3 General En compliment amb el deure d&#8217;informaci\u00f3 estipulat a l&#8217;article 10 de la Llei 34\/2002, de l&#8217;11 de juliol, de Serveis de la Societat de la Informaci\u00f3 i de Comer\u00e7 Electr\u00f2nic, es facilita la seg\u00fcent informaci\u00f3: 2. Objecte El present av\u00eds legal regula l&#8217;\u00fas del lloc web www.taxiqueralt.com, del qual \u00e9s titular Ramon [&hellip;]<\/p>","protected":false},"author":1,"featured_media":0,"parent":0,"menu_order":0,"comment_status":"closed","ping_status":"open","template":"","meta":{"footnotes":""},"class_list":["post-2","page","type-page","status-publish","hentry"],"blocksy_meta":[],"yoast_head":"<!-- This site is optimized with the Yoast SEO plugin v25.3 - https:\/\/yoast.com\/wordpress\/plugins\/seo\/ -->\n<title>Av\u00eds legal - Taxi Queralt - Puiggr\u00f2s<\/title>\n<meta name=\"description\" content=\"Av\u00eds legal - Taxi privado en Lleida con disponibilidad 24\/7. Ideal para traslados r\u00e1pidos, largos viajes y m\u00e1s.\" \/>\n<meta name=\"robots\" content=\"index, follow, max-snippet:-1, max-image-preview:large, max-video-preview:-1\" \/>\n<link rel=\"canonical\" href=\"https:\/\/taxiqueralt.com\/es\/avis-legal\/\" \/>\n<meta property=\"og:locale\" content=\"es_ES\" \/>\n<meta property=\"og:type\" content=\"article\" \/>\n<meta property=\"og:title\" content=\"Av\u00eds legal - Taxi Queralt - Puiggr\u00f2s\" \/>\n<meta property=\"og:description\" content=\"Av\u00eds legal - Taxi privado en Lleida con disponibilidad 24\/7. Ideal para traslados r\u00e1pidos, largos viajes y m\u00e1s.\" \/>\n<meta property=\"og:url\" content=\"https:\/\/taxiqueralt.com\/es\/avis-legal\/\" \/>\n<meta property=\"og:site_name\" content=\"Taxi Queralt - Puiggr\u00f2s\" \/>\n<meta property=\"article:modified_time\" content=\"2024-07-22T15:17:20+00:00\" \/>\n<meta name=\"twitter:card\" content=\"summary_large_image\" \/>\n<meta name=\"twitter:label1\" content=\"Tiempo de lectura\" \/>\n\t<meta name=\"twitter:data1\" content=\"3 minutos\" \/>\n<script type=\"application\/ld+json\" class=\"yoast-schema-graph\">{\"@context\":\"https:\/\/schema.org\",\"@graph\":[{\"@type\":\"WebPage\",\"@id\":\"https:\/\/taxiqueralt.com\/avis-legal\/\",\"url\":\"https:\/\/taxiqueralt.com\/avis-legal\/\",\"name\":\"Av\u00eds legal - Taxi Queralt - Puiggr\u00f2s\",\"isPartOf\":{\"@id\":\"https:\/\/taxiqueralt.com\/#website\"},\"datePublished\":\"2024-07-08T15:00:06+00:00\",\"dateModified\":\"2024-07-22T15:17:20+00:00\",\"description\":\"Av\u00eds legal - Taxi privado en Lleida con disponibilidad 24\/7. Ideal para traslados r\u00e1pidos, largos viajes y m\u00e1s.\",\"breadcrumb\":{\"@id\":\"https:\/\/taxiqueralt.com\/avis-legal\/#breadcrumb\"},\"inLanguage\":\"es\",\"potentialAction\":[{\"@type\":\"ReadAction\",\"target\":[\"https:\/\/taxiqueralt.com\/avis-legal\/\"]}]},{\"@type\":\"BreadcrumbList\",\"@id\":\"https:\/\/taxiqueralt.com\/avis-legal\/#breadcrumb\",\"itemListElement\":[{\"@type\":\"ListItem\",\"position\":1,\"name\":\"Portada\",\"item\":\"https:\/\/taxiqueralt.com\/\"},{\"@type\":\"ListItem\",\"position\":2,\"name\":\"Av\u00eds legal\"}]},{\"@type\":\"WebSite\",\"@id\":\"https:\/\/taxiqueralt.com\/#website\",\"url\":\"https:\/\/taxiqueralt.com\/\",\"name\":\"Taxi Queralt - Puiggr\u00f2s\",\"description\":\"Oferim trajectes segurs i c\u00f2modes amb un tracte proper des de la nostra seu a Puiggr\u00f2s. Deixa que Taxi Queralt et porti on necessitis, sempre amb confian\u00e7a i professionalitat.\",\"publisher\":{\"@id\":\"https:\/\/taxiqueralt.com\/#organization\"},\"potentialAction\":[{\"@type\":\"SearchAction\",\"target\":{\"@type\":\"EntryPoint\",\"urlTemplate\":\"https:\/\/taxiqueralt.com\/?s={search_term_string}\"},\"query-input\":{\"@type\":\"PropertyValueSpecification\",\"valueRequired\":true,\"valueName\":\"search_term_string\"}}],\"inLanguage\":\"es\"},{\"@type\":\"Organization\",\"@id\":\"https:\/\/taxiqueralt.com\/#organization\",\"name\":\"Taxi Queralt - Puiggr\u00f2s\",\"url\":\"https:\/\/taxiqueralt.com\/\",\"logo\":{\"@type\":\"ImageObject\",\"inLanguage\":\"es\",\"@id\":\"https:\/\/taxiqueralt.com\/#\/schema\/logo\/image\/\",\"url\":\"https:\/\/taxiqueralt.com\/wp-content\/uploads\/2024\/07\/logotaxiqueraltblanc.svg\",\"contentUrl\":\"https:\/\/taxiqueralt.com\/wp-content\/uploads\/2024\/07\/logotaxiqueraltblanc.svg\",\"width\":224,\"height\":83,\"caption\":\"Taxi Queralt - Puiggr\u00f2s\"},\"image\":{\"@id\":\"https:\/\/taxiqueralt.com\/#\/schema\/logo\/image\/\"}}]}<\/script>\n<!-- \/ Yoast SEO plugin. -->","yoast_head_json":{"title":"Av\u00eds legal - Taxi Queralt - Puiggr\u00f2s","description":"Av\u00eds legal - Taxi privado en Lleida con disponibilidad 24\/7. Ideal para traslados r\u00e1pidos, largos viajes y m\u00e1s.","robots":{"index":"index","follow":"follow","max-snippet":"max-snippet:-1","max-image-preview":"max-image-preview:large","max-video-preview":"max-video-preview:-1"},"canonical":"https:\/\/taxiqueralt.com\/es\/avis-legal\/","og_locale":"es_ES","og_type":"article","og_title":"Av\u00eds legal - Taxi Queralt - Puiggr\u00f2s","og_description":"Av\u00eds legal - Taxi privado en Lleida con disponibilidad 24\/7. Ideal para traslados r\u00e1pidos, largos viajes y m\u00e1s.","og_url":"https:\/\/taxiqueralt.com\/es\/avis-legal\/","og_site_name":"Taxi Queralt - Puiggr\u00f2s","article_modified_time":"2024-07-22T15:17:20+00:00","twitter_card":"summary_large_image","twitter_misc":{"Tiempo de lectura":"3 minutos"},"schema":{"@context":"https:\/\/schema.org","@graph":[{"@type":"WebPage","@id":"https:\/\/taxiqueralt.com\/avis-legal\/","url":"https:\/\/taxiqueralt.com\/avis-legal\/","name":"Av\u00eds legal - Taxi Queralt - Puiggr\u00f2s","isPartOf":{"@id":"https:\/\/taxiqueralt.com\/#website"},"datePublished":"2024-07-08T15:00:06+00:00","dateModified":"2024-07-22T15:17:20+00:00","description":"Av\u00eds legal - Taxi privado en Lleida con disponibilidad 24\/7. Ideal para traslados r\u00e1pidos, largos viajes y m\u00e1s.","breadcrumb":{"@id":"https:\/\/taxiqueralt.com\/avis-legal\/#breadcrumb"},"inLanguage":"es","potentialAction":[{"@type":"ReadAction","target":["https:\/\/taxiqueralt.com\/avis-legal\/"]}]},{"@type":"BreadcrumbList","@id":"https:\/\/taxiqueralt.com\/avis-legal\/#breadcrumb","itemListElement":[{"@type":"ListItem","position":1,"name":"Portada","item":"https:\/\/taxiqueralt.com\/"},{"@type":"ListItem","position":2,"name":"Av\u00eds legal"}]},{"@type":"WebSite","@id":"https:\/\/taxiqueralt.com\/#website","url":"https:\/\/taxiqueralt.com\/","name":"Taxi Queralt - Puiggr\u00f2s","description":"Oferim trajectes segurs i c\u00f2modes amb un tracte proper des de la nostra seu a Puiggr\u00f2s. Deixa que Taxi Queralt et porti on necessitis, sempre amb confian\u00e7a i professionalitat.","publisher":{"@id":"https:\/\/taxiqueralt.com\/#organization"},"potentialAction":[{"@type":"SearchAction","target":{"@type":"EntryPoint","urlTemplate":"https:\/\/taxiqueralt.com\/?s={search_term_string}"},"query-input":{"@type":"PropertyValueSpecification","valueRequired":true,"valueName":"search_term_string"}}],"inLanguage":"es"},{"@type":"Organization","@id":"https:\/\/taxiqueralt.com\/#organization","name":"Taxi Queralt - Puiggr\u00f2s","url":"https:\/\/taxiqueralt.com\/","logo":{"@type":"ImageObject","inLanguage":"es","@id":"https:\/\/taxiqueralt.com\/#\/schema\/logo\/image\/","url":"https:\/\/taxiqueralt.com\/wp-content\/uploads\/2024\/07\/logotaxiqueraltblanc.svg","contentUrl":"https:\/\/taxiqueralt.com\/wp-content\/uploads\/2024\/07\/logotaxiqueraltblanc.svg","width":224,"height":83,"caption":"Taxi Queralt - Puiggr\u00f2s"},"image":{"@id":"https:\/\/taxiqueralt.com\/#\/schema\/logo\/image\/"}}]}},"_links":{"self":[{"href":"https:\/\/taxiqueralt.com\/es\/wp-json\/wp\/v2\/pages\/2","targetHints":{"allow":["GET"]}}],"collection":[{"href":"https:\/\/taxiqueralt.com\/es\/wp-json\/wp\/v2\/pages"}],"about":[{"href":"https:\/\/taxiqueralt.com\/es\/wp-json\/wp\/v2\/types\/page"}],"author":[{"embeddable":true,"href":"https:\/\/taxiqueralt.com\/es\/wp-json\/wp\/v2\/users\/1"}],"replies":[{"embeddable":true,"href":"https:\/\/taxiqueralt.com\/es\/wp-json\/wp\/v2\/comments?post=2"}],"version-history":[{"count":9,"href":"https:\/\/taxiqueralt.com\/es\/wp-json\/wp\/v2\/pages\/2\/revisions"}],"predecessor-version":[{"id":962,"href":"https:\/\/taxiqueralt.com\/es\/wp-json\/wp\/v2\/pages\/2\/revisions\/962"}],"wp:attachment":[{"href":"https:\/\/taxiqueralt.com\/es\/wp-json\/wp\/v2\/media?parent=2"}],"curies":[{"name":"wp","href":"https:\/\/api.w.org\/{rel}","templated":true}]}}